{"id":949,"date":"2021-09-02T10:16:16","date_gmt":"2021-09-02T10:16:16","guid":{"rendered":"https:\/\/franrojas.com\/politica-de-privacitat\/"},"modified":"2021-09-02T10:16:28","modified_gmt":"2021-09-02T10:16:28","slug":"politica-de-privacitat","status":"publish","type":"page","link":"https:\/\/franrojas.com\/ca\/politica-de-privacitat\/","title":{"rendered":"Pol\u00edtica de privacitat"},"content":{"rendered":"\t\t<div data-elementor-type=\"wp-page\" data-elementor-id=\"949\" class=\"elementor elementor-949 elementor-913\" data-elementor-post-type=\"page\">\n\t\t\t\t\t\t<section class=\"elementor-section elementor-top-section elementor-element elementor-element-d2f6c6f elementor-section-full_width elementor-section-height-default elementor-section-height-default\" data-id=\"d2f6c6f\" data-element_type=\"section\">\n\t\t\t\t\t\t<div class=\"elementor-container elementor-column-gap-default\">\n\t\t\t\t\t<div class=\"elementor-column elementor-col-100 elementor-top-column elementor-element elementor-element-a82a88c\" data-id=\"a82a88c\" data-element_type=\"column\">\n\t\t\t<div class=\"elementor-widget-wrap elementor-element-populated\">\n\t\t\t\t\t\t<div class=\"elementor-element elementor-element-484fa55 elementor-widget-divider--view-line elementor-widget elementor-widget-divider\" data-id=\"484fa55\" data-element_type=\"widget\" data-widget_type=\"divider.default\">\n\t\t\t\t<div class=\"elementor-widget-container\">\n\t\t\t\t\t\t\t<div class=\"elementor-divider\">\n\t\t\t<span class=\"elementor-divider-separator\">\n\t\t\t\t\t\t<\/span>\n\t\t<\/div>\n\t\t\t\t\t\t<\/div>\n\t\t\t\t<\/div>\n\t\t\t\t\t<\/div>\n\t\t<\/div>\n\t\t\t\t\t<\/div>\n\t\t<\/section>\n\t\t\t\t<section class=\"elementor-section elementor-top-section elementor-element elementor-element-ce30421 elementor-section-boxed elementor-section-height-default elementor-section-height-default\" data-id=\"ce30421\" data-element_type=\"section\">\n\t\t\t\t\t\t<div class=\"elementor-container elementor-column-gap-default\">\n\t\t\t\t\t<div class=\"elementor-column elementor-col-100 elementor-top-column elementor-element elementor-element-bf961fd\" data-id=\"bf961fd\" data-element_type=\"column\">\n\t\t\t<div class=\"elementor-widget-wrap elementor-element-populated\">\n\t\t\t\t\t\t<div class=\"elementor-element elementor-element-237a1ea elementor-widget elementor-widget-text-editor\" data-id=\"237a1ea\" data-element_type=\"widget\" data-widget_type=\"text-editor.default\">\n\t\t\t\t<div class=\"elementor-widget-container\">\n\t\t\t\t\t\t\t\t\t<p>Darrera actualitzaci\u00f3: setembre 2021.<\/p>\n<\/p>\n<ol>\n<li>\n<h4><strong>INFORMACI\u00d3 A L&#8217;USUARI<\/strong><\/h4>\n<\/li>\n<\/ol>\n<p><strong>FRANCISCO JOS\u00c9 ROJAS MORALES<\/strong>, Com a Responsable de l&#8217;Tractament, li informa que, segons el que disposa el Reglament (UE) 2016\/679, de 27 d&#8217;abril, (RGPD) ia la L.O. 3\/2018, de 5 de desembre, de protecci\u00f3 de dades i garantia dels drets digitals (LOPDGDD), tractarem les seves dades tal com reflectim en la present Pol\u00edtica de Privacitat.<\/p>\n<p>En aquesta pol\u00edtica de privacitat descrivim com recollim les seves dades personals i per qu\u00e8 els recollim, qu\u00e8 fem amb ells, amb qui els compartim, com els protegim i les seves opcions pel que fa a el tractament de les seves dades personals.<\/p>\n<p>Aquesta Pol\u00edtica s&#8217;aplica a el tractament de les seves dades personals recollides per l&#8217;empresa per a la prestaci\u00f3 dels seus serveis. Si accepta les mesures d&#8217;aquesta Pol\u00edtica, accepta que tractem les seves dades personals com es defineix en aquesta Pol\u00edtica.<\/p>\n<\/p>\n<ol start=\"2\">\n<li>\n<h4><strong> CONTACTE<\/strong><\/h4>\n<\/li>\n<\/ol>\n<p>Denominaci\u00f3 social: <strong>FRANCISCO JOS\u00c9 ROJAS MORALES<\/strong><br \/>Nom comercial: <strong>FRAN ROJAS<\/strong><br \/>CIF: <strong>78557031W<\/strong><br \/>Domicili: <strong>ALDANA, 6 5-1 08015<\/strong><br \/>e-mail:<strong>info@franrojas.com<\/strong><\/p>\n<\/p>\n<ol start=\"3\">\n<li>\n<h4><strong>PRINCIPIS CLAU<\/strong><\/h4>\n<\/li>\n<\/ol>\n<p>Sempre hem estat compromesos amb prestar els nostres serveis amb el m\u00e9s alt grau de qualitat, la qual cosa inclou tractar les seves dades amb seguretat i transpar\u00e8ncia. Els nostres principis s\u00f3n:<\/p>\n<ul>\n<li><strong>Legalitat<\/strong>: Nom\u00e9s recopilarem les seves Dades personals per a fins espec\u00edfics, expl\u00edcits i leg\u00edtims.<\/li>\n<li><strong>Minimitzaci\u00f3 de dades:<\/strong> Limitem la recollida de dades de car\u00e0cter personal al que \u00e9s estrictament rellevant i necessari per als fins per als quals s&#8217;han recopilat.<\/li>\n<li><strong>Limitaci\u00f3 de la Finalitat:<\/strong> Nom\u00e9s recollirem les seves dades personals per a les finalitats declarades i nom\u00e9s segons els seus desitjos.<\/li>\n<li><strong>Precisi\u00f3:<\/strong> Mantindrem les seves dades personals exactes i actualitzades.<\/li>\n<li><strong>Seguretat de les Dades:<\/strong> Apliquem les mesures t\u00e8cniques i organitzatives adequades i proporcionals als riscos per garantir que les seves dades no pateixin danys, com ara divulgaci\u00f3 o acc\u00e9s no autoritzat, la destrucci\u00f3 accidental o il\u00b7l\u00edcita o la p\u00e8rdua accidental o alteraci\u00f3 i qualsevol altra forma de tractament il\u00b7l\u00edcit.<\/li>\n<li><strong>Acc\u00e9s i Rectificaci\u00f3:<\/strong> Disposem de mitjans perqu\u00e8 accedeixi o rectifiqui les seves dades quan ho consideri oport\u00fa.<\/li>\n<li><strong>Conservaci\u00f3:<\/strong> Conservem les seves dades personals de manera legal i apropiada i nom\u00e9s mentre \u00e9s necessari per als fins per als quals s&#8217;han recopilat.<\/li>\n<li><strong>Les transfer\u00e8ncies internacionals:<\/strong> quan es doni el cas que les seves dades hagin de ser transferits fora de la UE \/ EEE es protegiran adequadament.<\/li>\n<li><strong>Tercers:<\/strong> L&#8217;acc\u00e9s i transfer\u00e8ncia de dades personals a tercers es duen a terme d&#8217;acord amb les lleis i reglaments aplicables i amb les garanties contractuals adequades.<\/li>\n<li><strong>M\u00e0rqueting Directe i cookies<\/strong>: Complim amb la legislaci\u00f3 aplicable en mat\u00e8ria de publicitat i galetes.<\/li>\n<\/ul>\n<p><strong> <\/strong><\/p>\n<ol start=\"4\">\n<li>\n<h4><strong> RECOLLIDA I TRACTAMENT DE LES SEVES DADES PERSONALS<\/strong><\/h4>\n<\/li>\n<\/ol>\n<p>Les tipus de dades que es poden sol\u00b7licitar i tractar s\u00f3n:<\/p>\n<ul>\n<li>Dades de car\u00e0cter identificatiu.<\/li>\n<\/ul>\n<p>Tamb\u00e9 recollim de forma autom\u00e0tica dades sobre la seva visita al nostre lloc web segons es descriu en la pol\u00edtica de cookies.<\/p>\n<p>Sempre que sol\u00b7licitem les seves dades personals, l&#8217;informarem amb claredat de quina dades personals recollim i amb quina finalitat. En general, recollim i tractem les seves dades personals amb el prop\u00f2sit de:<\/p>\n<ul>\n<li>Proporcionar informaci\u00f3, serveis, productes, informaci\u00f3 rellevant i novetats en el sector.<\/li>\n<li>Enviament de comunicacions.<\/li>\n<\/ul>\n<p><strong> <\/strong><\/p>\n<ol start=\"5\">\n<li>\n<h4><strong> LEGITIMITAT<\/strong><\/h4>\n<\/li>\n<\/ol>\n<p>D&#8217;acord amb la normativa de protecci\u00f3 de dades aplicable, les seves dades personals podran tractar-se sempre que:<\/p>\n<ul>\n<li>Ens ha donat el seu consentiment a l&#8217;efecte d&#8217;el tractament. Per descomptat podr\u00e0 retirar el seu consentiment en qualsevol moment.<\/li>\n<li>Per requeriment legal.<\/li>\n<li>Per existir un inter\u00e8s leg\u00edtim que no es vegi menyscabat pels seus drets de privacitat, com ara l&#8217;enviament d&#8217;informaci\u00f3 comercial ben per subscripci\u00f3 a la nostra newsletter o per la seva condici\u00f3 de client.<\/li>\n<li>Per es necess\u00e0ria per a la prestaci\u00f3 d&#8217;algun dels nostres serveis mitjan\u00e7ant relaci\u00f3 contractual entre vost\u00e8 i nosaltres.<\/li>\n<\/ul>\n<p><strong> <\/strong><\/p>\n<ol start=\"6\">\n<li>\n<h4><strong> COMUNICACI\u00d3 DE DADES PERSONALS<\/strong><\/h4>\n<\/li>\n<\/ol>\n<p>Les dades poden ser comunicades a empreses relacionades amb <strong>FRANCISCO JOS\u00c9 ROJAS MORALES<\/strong> per a la prestaci\u00f3 dels diversos serveis en qualitat de Encarregats de Tractament. L&#8217;empresa no realitzar\u00e0 cap cessi\u00f3, llevat per obligaci\u00f3 legal.<\/p>\n<p><strong> <\/strong><\/p>\n<ol start=\"7\">\n<li>\n<h4><strong> ELS SEUS DRETS<\/strong><\/h4>\n<\/li>\n<\/ol>\n<p>En relaci\u00f3 amb la recollida i tractament de les seves dades personals, pot posar-se en contacte amb nosaltres en qualsevol moment per:<\/p>\n<ul>\n<li>Accedir a les seves dades personals i a qualsevol altra informaci\u00f3 que indica l&#8217;Article 15.1 de l&#8217;RGPD.<\/li>\n<li>Rectificar les seves dades personals que siguin inexactes o estiguin incompletes d&#8217;acord amb l&#8217;Article 16 de l&#8217;RGPD.<\/li>\n<li>Suprimir les seves dades personals d&#8217;acord amb l&#8217;Article 17 de l&#8217;RGPD.<\/li>\n<li>Limitar el tractament de les seves dades personals d&#8217;acord amb l&#8217;Article 18 de l&#8217;RGPD.<\/li>\n<li>Sol\u00b7licitar la portabilitat de les seves dades d&#8217;acord amb l&#8217;Article 20 de l&#8217;<a href=\"https:\/\/presencialismo.com\/\">RGPD.<\/a><\/li>\n<li>Oposar-se a el tractament de les seves dades personals d&#8217;acord amb l&#8217;article 21 de l&#8217;RGPD.<\/li>\n<\/ul>\n<p>Si ha atorgat el seu consentiment per a alguna finalitat concreta, t\u00e9 dret a retirar el consentiment atorgat en qualsevol moment, sense que aix\u00f2 afecti la licitud de l&#8217;tractament basat en el consentiment previ a la seva retirada <a href=\"https:\/\/presencialismo.com\/\">rrhh<\/a>.<\/p>\n<p>Pot exercir aquests drets enviant comunicaci\u00f3, motivada i acreditada, a info@franrojas.com .<\/p>\n<p>Tamb\u00e9 t\u00e9 dret a presentar una reclamaci\u00f3 davant l&#8217;Autoritat de control competent (<a href=\"https:\/\/aepd.es\/\">www.aepd.es<\/a>) si considera que el tractament no s&#8217;ajusta a la normativa vigent.<\/p>\n<p><strong> <\/strong><\/p>\n<ol start=\"8\">\n<li>\n<h4><strong> INFORMACI\u00d3 LEGAL<\/strong><\/h4>\n<\/li>\n<\/ol>\n<p>Els requisits d&#8217;aquesta Pol\u00edtica complementen, i no reemplacen, qualsevol altre requisit existent sota la llei de protecci\u00f3 de dades aplicable, que ser\u00e0 la que prevalgui en qualsevol cas.<\/p>\n<p>Aquesta pol\u00edtica est\u00e0 subjecta a revisions peri\u00f2diques i l&#8217;empresa pot modificar-la en qualsevol moment. Quan aix\u00f2 passi, l&#8217;avisarem de qualsevol canvi i li demanarem que torni a llegir la versi\u00f3 m\u00e9s recent de la nostra Pol\u00edtica i que confirmi la seva acceptaci\u00f3.<\/p>\n\t\t\t\t\t\t\t\t<\/div>\n\t\t\t\t<\/div>\n\t\t\t\t\t<\/div>\n\t\t<\/div>\n\t\t\t\t\t<\/div>\n\t\t<\/section>\n\t\t\t\t<\/div>\n\t\t","protected":false},"excerpt":{"rendered":"<p>Darrera actualitzaci\u00f3: setembre 2021. INFORMACI\u00d3 A L&#8217;USUARI FRANCISCO JOS\u00c9 ROJAS MORALES, Com a Responsable de l&#8217;Tractament, li informa que, segons el que disposa el Reglament (UE) 2016\/679, de 27 d&#8217;abril, (RGPD) ia la L.O. 3\/2018, de 5 de desembre, de protecci\u00f3 de dades i garantia dels drets digitals (LOPDGDD), tractarem les seves dades tal com [&hellip;]<\/p>\n","protected":false},"author":1,"featured_media":0,"parent":0,"menu_order":0,"comment_status":"closed","ping_status":"closed","template":"elementor_header_footer","meta":{"footnotes":""},"class_list":["post-949","page","type-page","status-publish","hentry"],"yoast_head":"<!-- This site is optimized with the Yoast SEO plugin v23.5 - https:\/\/yoast.com\/wordpress\/plugins\/seo\/ -->\n<title>Pol\u00edtica de privacitat - Fran Rojas<\/title>\n<meta name=\"robots\" content=\"index, follow, max-snippet:-1, max-image-preview:large, max-video-preview:-1\" \/>\n<link rel=\"canonical\" href=\"https:\/\/franrojas.com\/ca\/politica-de-privacitat\/\" \/>\n<meta property=\"og:locale\" content=\"ca_ES\" \/>\n<meta property=\"og:type\" content=\"article\" \/>\n<meta property=\"og:title\" content=\"Pol\u00edtica de privacitat - Fran Rojas\" \/>\n<meta property=\"og:description\" content=\"Darrera actualitzaci\u00f3: setembre 2021. INFORMACI\u00d3 A L&#8217;USUARI FRANCISCO JOS\u00c9 ROJAS MORALES, Com a Responsable de l&#8217;Tractament, li informa que, segons el que disposa el Reglament (UE) 2016\/679, de 27 d&#8217;abril, (RGPD) ia la L.O. 3\/2018, de 5 de desembre, de protecci\u00f3 de dades i garantia dels drets digitals (LOPDGDD), tractarem les seves dades tal com [&hellip;]\" \/>\n<meta property=\"og:url\" content=\"https:\/\/franrojas.com\/ca\/politica-de-privacitat\/\" \/>\n<meta property=\"og:site_name\" content=\"Fran Rojas\" \/>\n<meta property=\"article:modified_time\" content=\"2021-09-02T10:16:28+00:00\" \/>\n<meta name=\"twitter:card\" content=\"summary_large_image\" \/>\n<meta name=\"twitter:label1\" content=\"Temps estimat de lectura\" \/>\n\t<meta name=\"twitter:data1\" content=\"5 minuts\" \/>\n<script type=\"application\/ld+json\" class=\"yoast-schema-graph\">{\"@context\":\"https:\/\/schema.org\",\"@graph\":[{\"@type\":\"WebPage\",\"@id\":\"https:\/\/franrojas.com\/ca\/politica-de-privacitat\/\",\"url\":\"https:\/\/franrojas.com\/ca\/politica-de-privacitat\/\",\"name\":\"Pol\u00edtica de privacitat - Fran Rojas\",\"isPartOf\":{\"@id\":\"https:\/\/franrojas.com\/ca\/#website\"},\"datePublished\":\"2021-09-02T10:16:16+00:00\",\"dateModified\":\"2021-09-02T10:16:28+00:00\",\"breadcrumb\":{\"@id\":\"https:\/\/franrojas.com\/ca\/politica-de-privacitat\/#breadcrumb\"},\"inLanguage\":\"ca\",\"potentialAction\":[{\"@type\":\"ReadAction\",\"target\":[\"https:\/\/franrojas.com\/ca\/politica-de-privacitat\/\"]}]},{\"@type\":\"BreadcrumbList\",\"@id\":\"https:\/\/franrojas.com\/ca\/politica-de-privacitat\/#breadcrumb\",\"itemListElement\":[{\"@type\":\"ListItem\",\"position\":1,\"name\":\"Portada\",\"item\":\"https:\/\/franrojas.com\/ca\/fran-rojas-formacio-amb-humor\/\"},{\"@type\":\"ListItem\",\"position\":2,\"name\":\"Pol\u00edtica de privacitat\"}]},{\"@type\":\"WebSite\",\"@id\":\"https:\/\/franrojas.com\/ca\/#website\",\"url\":\"https:\/\/franrojas.com\/ca\/\",\"name\":\"Fran Rojas\",\"description\":\"Formaci\u00f3n con humor\",\"publisher\":{\"@id\":\"https:\/\/franrojas.com\/ca\/#organization\"},\"potentialAction\":[{\"@type\":\"SearchAction\",\"target\":{\"@type\":\"EntryPoint\",\"urlTemplate\":\"https:\/\/franrojas.com\/ca\/?s={search_term_string}\"},\"query-input\":{\"@type\":\"PropertyValueSpecification\",\"valueRequired\":true,\"valueName\":\"search_term_string\"}}],\"inLanguage\":\"ca\"},{\"@type\":\"Organization\",\"@id\":\"https:\/\/franrojas.com\/ca\/#organization\",\"name\":\"Fran Rojas\",\"url\":\"https:\/\/franrojas.com\/ca\/\",\"logo\":{\"@type\":\"ImageObject\",\"inLanguage\":\"ca\",\"@id\":\"https:\/\/franrojas.com\/ca\/#\/schema\/logo\/image\/\",\"url\":\"https:\/\/franrojas.com\/wp-content\/uploads\/2021\/05\/cropped-Logo-Fran-Rojas.png\",\"contentUrl\":\"https:\/\/franrojas.com\/wp-content\/uploads\/2021\/05\/cropped-Logo-Fran-Rojas.png\",\"width\":736,\"height\":217,\"caption\":\"Fran Rojas\"},\"image\":{\"@id\":\"https:\/\/franrojas.com\/ca\/#\/schema\/logo\/image\/\"}}]}<\/script>\n<!-- \/ Yoast SEO plugin. -->","yoast_head_json":{"title":"Pol\u00edtica de privacitat - Fran Rojas","robots":{"index":"index","follow":"follow","max-snippet":"max-snippet:-1","max-image-preview":"max-image-preview:large","max-video-preview":"max-video-preview:-1"},"canonical":"https:\/\/franrojas.com\/ca\/politica-de-privacitat\/","og_locale":"ca_ES","og_type":"article","og_title":"Pol\u00edtica de privacitat - Fran Rojas","og_description":"Darrera actualitzaci\u00f3: setembre 2021. INFORMACI\u00d3 A L&#8217;USUARI FRANCISCO JOS\u00c9 ROJAS MORALES, Com a Responsable de l&#8217;Tractament, li informa que, segons el que disposa el Reglament (UE) 2016\/679, de 27 d&#8217;abril, (RGPD) ia la L.O. 3\/2018, de 5 de desembre, de protecci\u00f3 de dades i garantia dels drets digitals (LOPDGDD), tractarem les seves dades tal com [&hellip;]","og_url":"https:\/\/franrojas.com\/ca\/politica-de-privacitat\/","og_site_name":"Fran Rojas","article_modified_time":"2021-09-02T10:16:28+00:00","twitter_card":"summary_large_image","twitter_misc":{"Temps estimat de lectura":"5 minuts"},"schema":{"@context":"https:\/\/schema.org","@graph":[{"@type":"WebPage","@id":"https:\/\/franrojas.com\/ca\/politica-de-privacitat\/","url":"https:\/\/franrojas.com\/ca\/politica-de-privacitat\/","name":"Pol\u00edtica de privacitat - Fran Rojas","isPartOf":{"@id":"https:\/\/franrojas.com\/ca\/#website"},"datePublished":"2021-09-02T10:16:16+00:00","dateModified":"2021-09-02T10:16:28+00:00","breadcrumb":{"@id":"https:\/\/franrojas.com\/ca\/politica-de-privacitat\/#breadcrumb"},"inLanguage":"ca","potentialAction":[{"@type":"ReadAction","target":["https:\/\/franrojas.com\/ca\/politica-de-privacitat\/"]}]},{"@type":"BreadcrumbList","@id":"https:\/\/franrojas.com\/ca\/politica-de-privacitat\/#breadcrumb","itemListElement":[{"@type":"ListItem","position":1,"name":"Portada","item":"https:\/\/franrojas.com\/ca\/fran-rojas-formacio-amb-humor\/"},{"@type":"ListItem","position":2,"name":"Pol\u00edtica de privacitat"}]},{"@type":"WebSite","@id":"https:\/\/franrojas.com\/ca\/#website","url":"https:\/\/franrojas.com\/ca\/","name":"Fran Rojas","description":"Formaci\u00f3n con humor","publisher":{"@id":"https:\/\/franrojas.com\/ca\/#organization"},"potentialAction":[{"@type":"SearchAction","target":{"@type":"EntryPoint","urlTemplate":"https:\/\/franrojas.com\/ca\/?s={search_term_string}"},"query-input":{"@type":"PropertyValueSpecification","valueRequired":true,"valueName":"search_term_string"}}],"inLanguage":"ca"},{"@type":"Organization","@id":"https:\/\/franrojas.com\/ca\/#organization","name":"Fran Rojas","url":"https:\/\/franrojas.com\/ca\/","logo":{"@type":"ImageObject","inLanguage":"ca","@id":"https:\/\/franrojas.com\/ca\/#\/schema\/logo\/image\/","url":"https:\/\/franrojas.com\/wp-content\/uploads\/2021\/05\/cropped-Logo-Fran-Rojas.png","contentUrl":"https:\/\/franrojas.com\/wp-content\/uploads\/2021\/05\/cropped-Logo-Fran-Rojas.png","width":736,"height":217,"caption":"Fran Rojas"},"image":{"@id":"https:\/\/franrojas.com\/ca\/#\/schema\/logo\/image\/"}}]}},"_links":{"self":[{"href":"https:\/\/franrojas.com\/ca\/wp-json\/wp\/v2\/pages\/949"}],"collection":[{"href":"https:\/\/franrojas.com\/ca\/wp-json\/wp\/v2\/pages"}],"about":[{"href":"https:\/\/franrojas.com\/ca\/wp-json\/wp\/v2\/types\/page"}],"author":[{"embeddable":true,"href":"https:\/\/franrojas.com\/ca\/wp-json\/wp\/v2\/users\/1"}],"replies":[{"embeddable":true,"href":"https:\/\/franrojas.com\/ca\/wp-json\/wp\/v2\/comments?post=949"}],"version-history":[{"count":0,"href":"https:\/\/franrojas.com\/ca\/wp-json\/wp\/v2\/pages\/949\/revisions"}],"wp:attachment":[{"href":"https:\/\/franrojas.com\/ca\/wp-json\/wp\/v2\/media?parent=949"}],"curies":[{"name":"wp","href":"https:\/\/api.w.org\/{rel}","templated":true}]}}