{"id":964,"date":"2021-09-02T10:38:07","date_gmt":"2021-09-02T10:38:07","guid":{"rendered":"https:\/\/franrojas.com\/politica-de-cookies\/"},"modified":"2021-09-02T10:38:07","modified_gmt":"2021-09-02T10:38:07","slug":"politica-de-cookies","status":"publish","type":"page","link":"https:\/\/franrojas.com\/ca\/politica-de-cookies\/","title":{"rendered":"Pol\u00edtica de cookies"},"content":{"rendered":"\t\t<div data-elementor-type=\"wp-page\" data-elementor-id=\"964\" class=\"elementor elementor-964 elementor-909\" data-elementor-post-type=\"page\">\n\t\t\t\t\t\t<section class=\"elementor-section elementor-top-section elementor-element elementor-element-d2f6c6f elementor-section-full_width elementor-section-height-default elementor-section-height-default\" data-id=\"d2f6c6f\" data-element_type=\"section\">\n\t\t\t\t\t\t<div class=\"elementor-container elementor-column-gap-default\">\n\t\t\t\t\t<div class=\"elementor-column elementor-col-100 elementor-top-column elementor-element elementor-element-a82a88c\" data-id=\"a82a88c\" data-element_type=\"column\">\n\t\t\t<div class=\"elementor-widget-wrap elementor-element-populated\">\n\t\t\t\t\t\t<div class=\"elementor-element elementor-element-484fa55 elementor-widget-divider--view-line elementor-widget elementor-widget-divider\" data-id=\"484fa55\" data-element_type=\"widget\" data-widget_type=\"divider.default\">\n\t\t\t\t<div class=\"elementor-widget-container\">\n\t\t\t\t\t\t\t<div class=\"elementor-divider\">\n\t\t\t<span class=\"elementor-divider-separator\">\n\t\t\t\t\t\t<\/span>\n\t\t<\/div>\n\t\t\t\t\t\t<\/div>\n\t\t\t\t<\/div>\n\t\t\t\t\t<\/div>\n\t\t<\/div>\n\t\t\t\t\t<\/div>\n\t\t<\/section>\n\t\t\t\t<section class=\"elementor-section elementor-top-section elementor-element elementor-element-ce30421 elementor-section-boxed elementor-section-height-default elementor-section-height-default\" data-id=\"ce30421\" data-element_type=\"section\">\n\t\t\t\t\t\t<div class=\"elementor-container elementor-column-gap-default\">\n\t\t\t\t\t<div class=\"elementor-column elementor-col-100 elementor-top-column elementor-element elementor-element-bf961fd\" data-id=\"bf961fd\" data-element_type=\"column\">\n\t\t\t<div class=\"elementor-widget-wrap elementor-element-populated\">\n\t\t\t\t\t\t<div class=\"elementor-element elementor-element-237a1ea elementor-widget elementor-widget-text-editor\" data-id=\"237a1ea\" data-element_type=\"widget\" data-widget_type=\"text-editor.default\">\n\t\t\t\t<div class=\"elementor-widget-container\">\n\t\t\t\t\t\t\t\t\t<p>Les cookies s\u00f3n petites quantitats d&#8217;informaci\u00f3 que s&#8217;emmagatzemen en el navegador utilitzat per cada usuari perqu\u00e8 el servidor recordi certa informaci\u00f3 que posteriorment pugui utilitzar.<\/p>\n<\/p>\n<h3><strong>TIPUS DE COOKIES QUE UTILITZEM<\/strong><\/h3>\n<p>Aquesta p\u00e0gina web utilitza cookies de tercers que s\u00f3n aquelles que s&#8217;envien al teu ordinador o terminal des d&#8217;un domini o una p\u00e0gina web que no \u00e9s gestionada per nosaltres, sin\u00f3 per una altra entitat que tracta les dades obtingudes a trav\u00e9s de les cookies.<\/p>\n<p>En aquest cas les galetes s\u00f3n utilitzades amb fins funcionals o estad\u00edstics relacionats amb les visites que rep i les p\u00e0gines que es consulten, quedant acceptat el seu \u00fas a l&#8217;navegar-hi.<\/p>\n<p>Si voleu m\u00e9s informaci\u00f3 m\u00e9s sobre els tipus de cookies de seguiment i an\u00e0lisi de dades de Google feu clic <a href=\"https:\/\/www.google.com\/intl\/es_es\/policies\/technologies\/types\/\">aqu\u00ed<\/a>.<\/p>\n<table width=\"595\">\n<tbody>\n<tr>\n<td>\n<p><strong>COOKIE<br \/>(I PROVE\u00cfDOR)<\/strong><\/p>\n<\/td>\n<td>\n<p><strong>DURACI\u00d3<\/strong><\/p>\n<\/td>\n<td width=\"240\">\n<p><strong>DESCRIPCI\u00d3<\/strong><\/p>\n<\/td>\n<\/tr>\n<tr>\n<td>\n<p>Elementor<\/p>\n<\/td>\n<td>\n<p>Persistent<\/p>\n<\/td>\n<td width=\"240\">\n<p>Guardar accions fetes per usuaris en el lloc web.<\/p>\n<\/td>\n<\/tr>\n<tr>\n<td>\n<p>WPML<\/p>\n<\/td>\n<td>\n<p>Sessi\u00f3<\/p>\n<\/td>\n<td width=\"240\">\n<p>Guardar configuracions de l&#8217;llenguatge.<\/p>\n<\/td>\n<\/tr>\n<tr>\n<td>\n<p>WordPress<\/p>\n<\/td>\n<td>\n<p>Persistent<\/p>\n<\/td>\n<td width=\"240\">\n<p>Utilitzat per al correcte funcionament de l&#8217;gestor de contingut WordPress.<\/p>\n<\/td>\n<\/tr>\n<\/tbody>\n<\/table>\n<p>Per informar-se sobre com eliminar les galetes del seu explorador:<\/p>\n<ul>\n<li><a href=\"https:\/\/support.mozilla.org\/es\/kb\/habilitar-y-deshabilitar-cookies-sitios-web-rastrear-preferencias\">Firefox<\/a><\/li>\n<li><a href=\"https:\/\/support.google.com\/chrome\/answer\/95647?hl=es\">Chrome<\/a><\/li>\n<li><a href=\"https:\/\/support.microsoft.com\/es-es\/topic\/eliminar-y-administrar-cookies-168dab11-0753-043d-7c16-ede5947fc64d\">Internet Explorer<\/a><\/li>\n<li><a href=\"https:\/\/support.apple.com\/kb\/PH19214?viewlocale=es_ES&amp;locale=es_ES\">Safari<\/a><\/li>\n<li><a href=\"https:\/\/www.allaboutcookies.org\/es\/administrar-las-cookies\/opera.html\">Opera<\/a><\/li>\n<\/ul>\n\t\t\t\t\t\t\t\t<\/div>\n\t\t\t\t<\/div>\n\t\t\t\t\t<\/div>\n\t\t<\/div>\n\t\t\t\t\t<\/div>\n\t\t<\/section>\n\t\t\t\t<\/div>\n\t\t","protected":false},"excerpt":{"rendered":"<p>Les cookies s\u00f3n petites quantitats d&#8217;informaci\u00f3 que s&#8217;emmagatzemen en el navegador utilitzat per cada usuari perqu\u00e8 el servidor recordi certa informaci\u00f3 que posteriorment pugui utilitzar. TIPUS DE COOKIES QUE UTILITZEM Aquesta p\u00e0gina web utilitza cookies de tercers que s\u00f3n aquelles que s&#8217;envien al teu ordinador o terminal des d&#8217;un domini o una p\u00e0gina web que [&hellip;]<\/p>\n","protected":false},"author":1,"featured_media":0,"parent":0,"menu_order":0,"comment_status":"closed","ping_status":"closed","template":"elementor_header_footer","meta":{"footnotes":""},"class_list":["post-964","page","type-page","status-publish","hentry"],"yoast_head":"<!-- This site is optimized with the Yoast SEO plugin v23.5 - https:\/\/yoast.com\/wordpress\/plugins\/seo\/ -->\n<title>Pol\u00edtica de cookies - Fran Rojas<\/title>\n<meta name=\"robots\" content=\"index, follow, max-snippet:-1, max-image-preview:large, max-video-preview:-1\" \/>\n<link rel=\"canonical\" href=\"https:\/\/franrojas.com\/ca\/politica-de-cookies\/\" \/>\n<meta property=\"og:locale\" content=\"ca_ES\" \/>\n<meta property=\"og:type\" content=\"article\" \/>\n<meta property=\"og:title\" content=\"Pol\u00edtica de cookies - Fran Rojas\" \/>\n<meta property=\"og:description\" content=\"Les cookies s\u00f3n petites quantitats d&#8217;informaci\u00f3 que s&#8217;emmagatzemen en el navegador utilitzat per cada usuari perqu\u00e8 el servidor recordi certa informaci\u00f3 que posteriorment pugui utilitzar. TIPUS DE COOKIES QUE UTILITZEM Aquesta p\u00e0gina web utilitza cookies de tercers que s\u00f3n aquelles que s&#8217;envien al teu ordinador o terminal des d&#8217;un domini o una p\u00e0gina web que [&hellip;]\" \/>\n<meta property=\"og:url\" content=\"https:\/\/franrojas.com\/ca\/politica-de-cookies\/\" \/>\n<meta property=\"og:site_name\" content=\"Fran Rojas\" \/>\n<meta name=\"twitter:card\" content=\"summary_large_image\" \/>\n<meta name=\"twitter:label1\" content=\"Temps estimat de lectura\" \/>\n\t<meta name=\"twitter:data1\" content=\"1 minut\" \/>\n<script type=\"application\/ld+json\" class=\"yoast-schema-graph\">{\"@context\":\"https:\/\/schema.org\",\"@graph\":[{\"@type\":\"WebPage\",\"@id\":\"https:\/\/franrojas.com\/ca\/politica-de-cookies\/\",\"url\":\"https:\/\/franrojas.com\/ca\/politica-de-cookies\/\",\"name\":\"Pol\u00edtica de cookies - Fran Rojas\",\"isPartOf\":{\"@id\":\"https:\/\/franrojas.com\/ca\/#website\"},\"datePublished\":\"2021-09-02T10:38:07+00:00\",\"dateModified\":\"2021-09-02T10:38:07+00:00\",\"breadcrumb\":{\"@id\":\"https:\/\/franrojas.com\/ca\/politica-de-cookies\/#breadcrumb\"},\"inLanguage\":\"ca\",\"potentialAction\":[{\"@type\":\"ReadAction\",\"target\":[\"https:\/\/franrojas.com\/ca\/politica-de-cookies\/\"]}]},{\"@type\":\"BreadcrumbList\",\"@id\":\"https:\/\/franrojas.com\/ca\/politica-de-cookies\/#breadcrumb\",\"itemListElement\":[{\"@type\":\"ListItem\",\"position\":1,\"name\":\"Portada\",\"item\":\"https:\/\/franrojas.com\/ca\/fran-rojas-formacio-amb-humor\/\"},{\"@type\":\"ListItem\",\"position\":2,\"name\":\"Pol\u00edtica de cookies\"}]},{\"@type\":\"WebSite\",\"@id\":\"https:\/\/franrojas.com\/ca\/#website\",\"url\":\"https:\/\/franrojas.com\/ca\/\",\"name\":\"Fran Rojas\",\"description\":\"Formaci\u00f3n con humor\",\"publisher\":{\"@id\":\"https:\/\/franrojas.com\/ca\/#organization\"},\"potentialAction\":[{\"@type\":\"SearchAction\",\"target\":{\"@type\":\"EntryPoint\",\"urlTemplate\":\"https:\/\/franrojas.com\/ca\/?s={search_term_string}\"},\"query-input\":{\"@type\":\"PropertyValueSpecification\",\"valueRequired\":true,\"valueName\":\"search_term_string\"}}],\"inLanguage\":\"ca\"},{\"@type\":\"Organization\",\"@id\":\"https:\/\/franrojas.com\/ca\/#organization\",\"name\":\"Fran Rojas\",\"url\":\"https:\/\/franrojas.com\/ca\/\",\"logo\":{\"@type\":\"ImageObject\",\"inLanguage\":\"ca\",\"@id\":\"https:\/\/franrojas.com\/ca\/#\/schema\/logo\/image\/\",\"url\":\"https:\/\/franrojas.com\/wp-content\/uploads\/2021\/05\/cropped-Logo-Fran-Rojas.png\",\"contentUrl\":\"https:\/\/franrojas.com\/wp-content\/uploads\/2021\/05\/cropped-Logo-Fran-Rojas.png\",\"width\":736,\"height\":217,\"caption\":\"Fran Rojas\"},\"image\":{\"@id\":\"https:\/\/franrojas.com\/ca\/#\/schema\/logo\/image\/\"}}]}<\/script>\n<!-- \/ Yoast SEO plugin. -->","yoast_head_json":{"title":"Pol\u00edtica de cookies - Fran Rojas","robots":{"index":"index","follow":"follow","max-snippet":"max-snippet:-1","max-image-preview":"max-image-preview:large","max-video-preview":"max-video-preview:-1"},"canonical":"https:\/\/franrojas.com\/ca\/politica-de-cookies\/","og_locale":"ca_ES","og_type":"article","og_title":"Pol\u00edtica de cookies - Fran Rojas","og_description":"Les cookies s\u00f3n petites quantitats d&#8217;informaci\u00f3 que s&#8217;emmagatzemen en el navegador utilitzat per cada usuari perqu\u00e8 el servidor recordi certa informaci\u00f3 que posteriorment pugui utilitzar. TIPUS DE COOKIES QUE UTILITZEM Aquesta p\u00e0gina web utilitza cookies de tercers que s\u00f3n aquelles que s&#8217;envien al teu ordinador o terminal des d&#8217;un domini o una p\u00e0gina web que [&hellip;]","og_url":"https:\/\/franrojas.com\/ca\/politica-de-cookies\/","og_site_name":"Fran Rojas","twitter_card":"summary_large_image","twitter_misc":{"Temps estimat de lectura":"1 minut"},"schema":{"@context":"https:\/\/schema.org","@graph":[{"@type":"WebPage","@id":"https:\/\/franrojas.com\/ca\/politica-de-cookies\/","url":"https:\/\/franrojas.com\/ca\/politica-de-cookies\/","name":"Pol\u00edtica de cookies - Fran Rojas","isPartOf":{"@id":"https:\/\/franrojas.com\/ca\/#website"},"datePublished":"2021-09-02T10:38:07+00:00","dateModified":"2021-09-02T10:38:07+00:00","breadcrumb":{"@id":"https:\/\/franrojas.com\/ca\/politica-de-cookies\/#breadcrumb"},"inLanguage":"ca","potentialAction":[{"@type":"ReadAction","target":["https:\/\/franrojas.com\/ca\/politica-de-cookies\/"]}]},{"@type":"BreadcrumbList","@id":"https:\/\/franrojas.com\/ca\/politica-de-cookies\/#breadcrumb","itemListElement":[{"@type":"ListItem","position":1,"name":"Portada","item":"https:\/\/franrojas.com\/ca\/fran-rojas-formacio-amb-humor\/"},{"@type":"ListItem","position":2,"name":"Pol\u00edtica de cookies"}]},{"@type":"WebSite","@id":"https:\/\/franrojas.com\/ca\/#website","url":"https:\/\/franrojas.com\/ca\/","name":"Fran Rojas","description":"Formaci\u00f3n con humor","publisher":{"@id":"https:\/\/franrojas.com\/ca\/#organization"},"potentialAction":[{"@type":"SearchAction","target":{"@type":"EntryPoint","urlTemplate":"https:\/\/franrojas.com\/ca\/?s={search_term_string}"},"query-input":{"@type":"PropertyValueSpecification","valueRequired":true,"valueName":"search_term_string"}}],"inLanguage":"ca"},{"@type":"Organization","@id":"https:\/\/franrojas.com\/ca\/#organization","name":"Fran Rojas","url":"https:\/\/franrojas.com\/ca\/","logo":{"@type":"ImageObject","inLanguage":"ca","@id":"https:\/\/franrojas.com\/ca\/#\/schema\/logo\/image\/","url":"https:\/\/franrojas.com\/wp-content\/uploads\/2021\/05\/cropped-Logo-Fran-Rojas.png","contentUrl":"https:\/\/franrojas.com\/wp-content\/uploads\/2021\/05\/cropped-Logo-Fran-Rojas.png","width":736,"height":217,"caption":"Fran Rojas"},"image":{"@id":"https:\/\/franrojas.com\/ca\/#\/schema\/logo\/image\/"}}]}},"_links":{"self":[{"href":"https:\/\/franrojas.com\/ca\/wp-json\/wp\/v2\/pages\/964"}],"collection":[{"href":"https:\/\/franrojas.com\/ca\/wp-json\/wp\/v2\/pages"}],"about":[{"href":"https:\/\/franrojas.com\/ca\/wp-json\/wp\/v2\/types\/page"}],"author":[{"embeddable":true,"href":"https:\/\/franrojas.com\/ca\/wp-json\/wp\/v2\/users\/1"}],"replies":[{"embeddable":true,"href":"https:\/\/franrojas.com\/ca\/wp-json\/wp\/v2\/comments?post=964"}],"version-history":[{"count":0,"href":"https:\/\/franrojas.com\/ca\/wp-json\/wp\/v2\/pages\/964\/revisions"}],"wp:attachment":[{"href":"https:\/\/franrojas.com\/ca\/wp-json\/wp\/v2\/media?parent=964"}],"curies":[{"name":"wp","href":"https:\/\/api.w.org\/{rel}","templated":true}]}}